{"id":15,"date":"2023-03-17T15:33:00","date_gmt":"2023-03-17T09:33:00","guid":{"rendered":"https:\/\/thewordtoyou.net\/suyngam\/?page_id=15"},"modified":"2023-03-19T03:13:49","modified_gmt":"2023-03-18T21:13:49","slug":"chao-mung-quy-ban-doc","status":"publish","type":"page","link":"https:\/\/thewordtoyou.net\/suyngam\/","title":{"rendered":"Ch\u00e0o M\u1eebng Qu\u00fd B\u1ea1n \u0110\u1ecdc"},"content":{"rendered":"<p>&nbsp;<\/p>\n<p><a href=\"https:\/\/www.thanhkinhvietngu.net\/suy-ngam-loi-chua\/wp-content\/uploads\/2023\/03\/@SuyNgamLoiChua.png\"><img loading=\"lazy\" decoding=\"async\" class=\"alignnone wp-image-174 size-full\" src=\"https:\/\/www.thanhkinhvietngu.net\/suy-ngam-loi-chua\/wp-content\/uploads\/2023\/03\/@SuyNgamLoiChua.png\" alt=\"\" width=\"1280\" height=\"720\" \/><\/a><\/p>\n<p><span style=\"font-size: 20px; color: #000000;\"><strong>L\u1eddi Ch\u00e0o M\u1eebng Qu\u00fd B\u1ea1n \u0110\u1ecdc<\/strong><\/span><\/p>\n<p><span style=\"font-size: 20px; color: #000000;\">K\u00ednh th\u01b0a qu\u00fd b\u1ea1n \u0111\u1ecdc,<\/span><\/p>\n<p style=\"text-align: justify;\"><span style=\"font-size: 20px; color: #000000;\">Tr\u01b0\u1edbc h\u1ebft, ch\u00fang t\u00f4i xin ch\u00e0o m\u1eebng qu\u00fd b\u1ea1n \u0111\u1ecdc \u0111\u00e3 \u0111\u1ebfn v\u1edbi khu m\u1ea1ng <strong>Suy Ng\u1eabm L\u1eddi Ch\u00faa<\/strong> n\u00e0y. Ch\u00fang t\u00f4i c\u1ea3m t\u1ea1 Thi\u00ean Ch\u00faa \u0111\u00e3 \u0111\u01b0a qu\u00fd b\u1ea1n \u0111\u1ebfn \u0111\u00e2y v\u00e0 ch\u00fang t\u00f4i ch\u00fac qu\u00fd b\u1ea1n nh\u1eadn \u0111\u01b0\u1ee3c nhi\u1ec1u \u01a1n ph\u01b0\u1edbc t\u1eeb Thi\u00ean Ch\u00faa, khi \u0111\u1ecdc c\u00e1c b\u00e0i suy ng\u1eabm tr\u00ean khu m\u1ea1ng n\u00e0y.<\/span><\/p>\n<p><span style=\"font-size: 20px; color: #000000;\">\u0110\u00e2y l\u00e0 khu m\u1ea1ng ghi l\u1ea1i c\u00e1c b\u00e0i suy ng\u1eabm L\u1eddi Ch\u00faa m\u1ed7i ng\u00e0y c\u1ee7a ch\u00fang t\u00f4i: Hu\u1ef3nh Christian Timothy v\u00e0 Hu\u1ef3nh Christian Priscilla.<\/span><\/p>\n<p><span style=\"font-size: 20px; color: #000000;\">C\u1ea7u xin s\u1ef1 t\u1eeb \u00e1i c\u1ee7a Thi\u00ean Ch\u00faa bao ph\u1ee7 qu\u00fd b\u1ea1n v\u00e0 qu\u00fd b\u1ea1n s\u1edbm th\u1eadt s\u1ef1 thu\u1ed9c v\u1ec1 Thi\u00ean Ch\u00faa.<\/span><\/p>\n<p style=\"text-align: justify;\"><span style=\"font-size: 20px; color: #000000;\"><strong>L\u1eddi T\u00e2m T\u00ecnh C\u00f9ng H\u1ed9i Th\u00e1nh<\/strong><\/span><\/p>\n<p style=\"text-align: justify;\"><span style=\"font-size: 20px; color: #000000;\">K\u00ednh th\u01b0a H\u1ed9i Th\u00e1nh,<\/span><\/p>\n<p style=\"text-align: justify;\"><span style=\"font-size: 20px; color: #000000;\">Ng\u00e0y c\u1ee7a Ch\u00faa \u0111\u00e3 r\u1ea5t g\u1ea7n v\u00e0 ch\u00fang ta c\u00e0ng c\u1ea7n ph\u1ea3i gi\u1eef m\u00ecnh s\u1ed1ng n\u1ebfp s\u1ed1ng \u0111\u00fang theo L\u1eddi Ch\u00faa c\u00e0ng h\u01a1n.<\/span><\/p>\n<p style=\"text-align: justify;\"><span style=\"font-size: 20px; color: #000000;\">Ch\u00fang ta ch\u1ec9 c\u00f3 th\u1ec3 s\u1ed1ng theo L\u1eddi Ch\u00faa khi ch\u00fang ta l\u00e0m theo m\u1ec7nh l\u1ec7nh c\u1ee7a Ch\u00faa trong Gi\u00f4-su\u00ea 1:8:<\/span><\/p>\n<p style=\"text-align: justify; padding-left: 40px;\"><span style=\"font-size: 20px; color: #000000;\"><em>&#8220;Cu\u1ed1n S\u00e1ch Lu\u1eadt Ph\u00e1p n\u00e0y ch\u1edb xa mi\u1ec7ng ng\u01b0\u01a1i, nh\u01b0ng ng\u01b0\u01a1i h\u00e3y suy ng\u1eabm ng\u00e0y v\u00e0 \u0111\u00eam, \u0111\u1ec3 c\u1ea9n th\u1eadn l\u00e0m theo m\u1ecdi \u0111i\u1ec1u \u0111\u00e3 ch\u00e9p \u1edf trong. V\u00ec nh\u01b0 v\u1eady, ng\u01b0\u01a1i s\u1ebd \u0111\u01b0\u1ee3c th\u1ecbnh v\u01b0\u1ee3ng trong \u0111\u01b0\u1eddng l\u1ed1i m\u00ecnh v\u00e0 ng\u01b0\u01a1i s\u1ebd h\u00e0nh \u0111\u1ed9ng th\u00f4ng s\u00e1ng.&#8221;<\/em><\/span><\/p>\n<p style=\"text-align: justify;\"><span style=\"font-size: 20px; color: #000000;\">\u0110i\u1ec1u \u0111\u00e1ng bu\u1ed3n l\u00e0 c\u00f3 nhi\u1ec1u con d\u00e2n Ch\u00faa trong H\u1ed9i Th\u00e1nh \u0111\u00e3 kh\u00f4ng \u0111\u1ecdc v\u00e0 suy ng\u1eabm L\u1eddi Ch\u00faa m\u1ed7i ng\u00e0y. V\u00ec th\u1ebf, n\u1ebfp s\u1ed1ng c\u1ee7a h\u1ecd kh\u00f4ng \u0111\u01b0\u1ee3c th\u00e1nh h\u00f3a b\u1edfi L\u1eddi Ch\u00faa.<\/span><\/p>\n<p style=\"text-align: justify;\"><span style=\"font-size: 20px; color: #000000;\">K\u1ec3 t\u1eeb 01\/03\/2023, ch\u00fang t\u00f4i \u0111\u00e3 m\u1edf ra trang Telegram Suy Ng\u1eabm L\u1eddi Ch\u00faa \u0111\u1ec3 con d\u00e2n Ch\u00faa c\u00f9ng nhau \u0111\u1ecdc v\u00e0 suy ng\u1eabm L\u1eddi Ch\u00faa. B\u1ea5t c\u1ee9 ai c\u0169ng c\u00f3 th\u1ec3 tham d\u1ef1 trang Telegram n\u00e0y: <a href=\"https:\/\/t.me\/+iKZahqDUf4cyOTQ5\" target=\"_blank\" rel=\"noopener\">https:\/\/t.me\/+iKZahqDUf4cyOTQ5<\/a><\/span><\/p>\n<p><span style=\"font-size: 20px; color: #000000;\">Ai ch\u01b0a c\u00f3 t\u00e0i kho\u1ea3n Telegram c\u00f3 th\u1ec3 xem c\u00e1ch t\u1ea1o t\u00e0i kho\u1ea3n v\u00e0 c\u00e1ch d\u00f9ng tr\u00ean m\u1ea1ng:<\/span><\/p>\n<p><span style=\"font-size: 20px;\"><a href=\"https:\/\/presearch.com\/search?q=C%C3%A1ch%20t%E1%BA%A1o%20t%C3%A0i%20kho%E1%BA%A3n%20Telegram\" target=\"_blank\" rel=\"noopener\">https:\/\/presearch.com\/search?q=C%C3%A1ch%20t%E1%BA%A1o%20t%C3%A0i%20kho%E1%BA%A3n%20Telegram<\/a>\u00a0<\/span><\/p>\n<p style=\"text-align: justify;\"><span style=\"font-size: 20px; color: #000000;\">Ch\u00fang t\u00f4i r\u1ea5t mong t\u1ea5t c\u1ea3 con d\u00e2n Ch\u00faa \u0111\u1ec1u s\u1ed1t s\u1eafng tham d\u1ef1 \u0111\u1ecdc, suy ng\u1eabm L\u1eddi Ch\u00faa, c\u1ea9n th\u1eadn l\u00e0m theo m\u1ed7i ng\u00e0y, s\u1eb5n s\u00e0ng cho s\u1ef1 \u0111\u1ebfn c\u1ee7a \u0110\u1ee9c Ch\u00faa Jesus Christ.<\/span><\/p>\n<p style=\"text-align: justify;\"><span style=\"font-size: 20px; color: #000000;\">Trong \u00e2n \u0111i\u1ec3n c\u1ee7a \u0110\u1ee9c Ch\u00faa Jesus Christ.<\/span><br \/>\n<span style=\"font-size: 20px; color: #000000;\">Hu\u1ef3nh Christian Timothy<\/span><\/p>\n<p><img loading=\"lazy\" decoding=\"async\" class=\"alignnone wp-image-136 size-full\" src=\"https:\/\/thewordtoyou.net\/suyngam\/wp-content\/uploads\/2023\/03\/@2022_TimPris_Green_1.jpg\" alt=\"\" width=\"356\" height=\"291\" srcset=\"https:\/\/thewordtoyou.net\/suyngam\/wp-content\/uploads\/2023\/03\/@2022_TimPris_Green_1.jpg 356w, https:\/\/thewordtoyou.net\/suyngam\/wp-content\/uploads\/2023\/03\/@2022_TimPris_Green_1-300x245.jpg 300w\" sizes=\"auto, (max-width: 356px) 100vw, 356px\" \/><\/p>\n<p style=\"text-align: justify;\"><span style=\"font-size: 20px; color: #000000;\"><strong>L\u1eddi C\u1ea7u Nguy\u1ec7n<\/strong><\/span><\/p>\n<p style=\"text-align: justify;\"><span style=\"font-size: 20px; color: #000000;\">K\u00ednh l\u1ea1y \u0110\u1ee9c Ch\u00faa Tr\u1eddi l\u00e0 Cha Y\u00eau Th\u01b0\u01a1ng c\u1ee7a ch\u00fang con,<\/span><\/p>\n<p style=\"text-align: justify;\"><span style=\"font-size: 20px; color: #000000;\">Ch\u00fang con k\u00ednh d\u00e2ng l\u00ean Cha khu m\u1ea1ng &#8220;Suy Ng\u1eabm L\u1eddi Ch\u00faa&#8221; n\u00e0y. K\u00ednh xin Cha d\u00f9ng \u0111\u00e2y l\u00e0m ph\u01b0\u01a1ng ti\u1ec7n th\u00e1nh h\u00f3a ch\u00fang con v\u00e0 x\u00e2y d\u1ef1ng ch\u00fang con m\u1ed7i ng\u00e0y. K\u00ednh xin Cha gi\u00fap cho ch\u00fang con c\u00f9ng nhau trung t\u00edn suy ng\u1eabm L\u1eddi Ch\u00faa m\u1ed7i ng\u00e0y. K\u00ednh xin Cha ban ph\u01b0\u1edbc c\u00e1ch d\u01b0 d\u1eadt cho b\u1ea5t c\u1ee9 ai gh\u00e9 th\u0103m khu m\u1ea1ng n\u00e0y v\u00e0 c\u00f3 l\u00f2ng s\u1ed1t s\u1eafng tham d\u1ef1 suy ng\u1eabm L\u1eddi Ng\u00e0i. Ch\u00fang con c\u1ea3m t\u1ea1 \u01a1n Cha v\u00e0 c\u1ea7u xin trong danh c\u1ee7a \u0110\u1ee9c Ch\u00faa Jesus Christ. A-men!<\/span><\/p>\n<p style=\"text-align: justify;\"><span style=\"font-size: 20px; color: #000000;\">Hu\u1ef3nh Christian Timothy v\u00e0 Hu\u1ef3nh Christian Priscilla<\/span><\/p>\n","protected":false},"excerpt":{"rendered":"<p>&nbsp; L\u1eddi Ch\u00e0o M\u1eebng Qu\u00fd B\u1ea1n \u0110\u1ecdc K\u00ednh th\u01b0a qu\u00fd b\u1ea1n \u0111\u1ecdc, Tr\u01b0\u1edbc h\u1ebft, ch\u00fang t\u00f4i xin ch\u00e0o m\u1eebng qu\u00fd b\u1ea1n \u0111\u1ecdc \u0111\u00e3 \u0111\u1ebfn v\u1edbi khu m\u1ea1ng Suy Ng\u1eabm L\u1eddi <a class=\"more-link\" href=\"https:\/\/thewordtoyou.net\/suyngam\/\">Continue Reading &rarr;<\/a><\/p>\n","protected":false},"author":2,"featured_media":0,"parent":0,"menu_order":0,"comment_status":"closed","ping_status":"closed","template":"","meta":{"nf_dc_page":"","footnotes":""},"class_list":["post-15","page","type-page","status-publish","hentry"],"_links":{"self":[{"href":"https:\/\/thewordtoyou.net\/suyngam\/wp-json\/wp\/v2\/pages\/15","targetHints":{"allow":["GET"]}}],"collection":[{"href":"https:\/\/thewordtoyou.net\/suyngam\/wp-json\/wp\/v2\/pages"}],"about":[{"href":"https:\/\/thewordtoyou.net\/suyngam\/wp-json\/wp\/v2\/types\/page"}],"author":[{"embeddable":true,"href":"https:\/\/thewordtoyou.net\/suyngam\/wp-json\/wp\/v2\/users\/2"}],"replies":[{"embeddable":true,"href":"https:\/\/thewordtoyou.net\/suyngam\/wp-json\/wp\/v2\/comments?post=15"}],"version-history":[{"count":2,"href":"https:\/\/thewordtoyou.net\/suyngam\/wp-json\/wp\/v2\/pages\/15\/revisions"}],"predecessor-version":[{"id":137,"href":"https:\/\/thewordtoyou.net\/suyngam\/wp-json\/wp\/v2\/pages\/15\/revisions\/137"}],"wp:attachment":[{"href":"https:\/\/thewordtoyou.net\/suyngam\/wp-json\/wp\/v2\/media?parent=15"}],"curies":[{"name":"wp","href":"https:\/\/api.w.org\/{rel}","templated":true}]}}